{"id":3491,"date":"2020-03-06T16:25:32","date_gmt":"2020-03-06T16:25:32","guid":{"rendered":"http:\/\/okifrisch.de\/?page_id=3491"},"modified":"2020-04-02T15:55:22","modified_gmt":"2020-04-02T15:55:22","slug":"angebote","status":"publish","type":"page","link":"https:\/\/okifrisch.de\/?page_id=3491","title":{"rendered":"Angebote"},"content":{"rendered":"<div class=\"brz-root__container brz-reset-all\">\n<section data-uid=\"fsiajmizjrvuayniubfppxjielqjclrhcnuu\" id=\"fsiajmizjrvuayniubfppxjielqjclrhcnuu\" class=\"brz-section brz-css-vdjpr\">\n<div class=\"brz-section__content brz-section--fullWidth brz-css-vwtrj brz-css-vktto\" data-custom-id=\"jaojrcjilwmhyrkqdkjqtemdbogmbxkxspcn\">\n<div class=\"brz-bg\">\n<div class=\"brz-bg-color\"><\/div>\n<\/div>\n<div class=\"brz-container brz-css-vnmfd brz-css-dpcln\">\n<div class=\"brz-row__container brz-css-zykdm\" data-custom-id=\"hbwmujdxkzugnuwqvpklbpadcektnljpcfbb\">\n<div class=\"brz-row brz-css-tqico brz-css-hbdnq\">\n<div class=\"brz-columns brz-css-rzeqb brz-css-dcikt\" data-custom-id=\"caqlcrhyhkuecvlbhsczjldbvdarikumvgpt\">\n<div class=\"brz-bg\">\n<div class=\"brz-bg-image\"><\/div>\n<div class=\"brz-bg-color\"><\/div>\n<\/div>\n<div class=\"brz-column__items brz-css-mhotl brz-css-icdqw\">\n<div class=\"brz-css-rtiwd brz-css-sdpnp brz-wrapper\">\n<div data-form-version=\"2\" class=\"brz-forms2 brz-css-wiuju brz-css-zixoo\" data-custom-id=\"izggfoezkrtusmzttzrqfqxvkkxzbxzbdqrd\">\n<form class=\"brz-form brz-d-xs-flex brz-flex-xs-wrap\" action=\"{{brizy_dc_ajax_url}}?action=brizy_submit_form\" novalidate data-form-id=\"izggfoezkrtusmzttzrqfqxvkkxzbxzbdqrd\" data-project-id=\"JmkEA3XQN0qG7z4prdl1xVy7Yl4Eaej9Ywnv6DRB5MOKL82oWg\" data-success=\"sendto:info@okifrisch.de\" data-error data-redirect>\n<div class=\"brz-forms2__item brz-css-ofgqo brz-css-ntbad brz-css-wudek brz-css-exbiw\"><input type=\"text\" id=\"erhjbcqbgfjdhkpjdpzojkdrmolstiepdkgr\" name=\"fekfocllkmyetiuhrwqpixkyedabyjmonkbb\" placeholder=\"Name\" required data-type=\"Text\" data-label=\"Name\" data-placeholder=\"Name\" class=\"brz-input brz-forms2__field brz-forms2__field-text\"><\/div>\n<div class=\"brz-forms2__item brz-css-ofgqo brz-css-ntbad brz-css-wudek brz-css-ahhhn\"><input type=\"text\" id=\"fzoiuxxusvftikgffrtlzgzbncgmczzmfmbf\" name=\"jplqpzdcedcrdqybyddfpnhunxbwnxniatfd\" placeholder=\"Firma\" required data-type=\"Text\" data-label=\"Firma\" data-placeholder=\"Firma\" class=\"brz-input brz-forms2__field brz-forms2__field-text\"><\/div>\n<div class=\"brz-forms2__item brz-css-ofgqo brz-css-ntbad brz-css-wudek brz-css-tmjao\"><input type=\"tel\" id=\"fxdvvzlhbtlfeuobibuvythwxfczekgpawwm\" name=\"vjmluxnpicfgmlbihabdtspxbzohsggssiat\" placeholder=\"Whatsappnr.\" required pattern=\"%5B0-9()#&#038;+*-=.%5D+\" data-type=\"Tel\" data-label=\"Whatsappnr.\" data-placeholder=\"Whatsappnr.\" class=\"brz-input brz-forms2__field brz-forms2__field-tel\"><\/div>\n<div class=\"brz-forms2 brz-forms2__item brz-align-self-xs-end brz-forms2__item-button\"><button class=\"brz-btn brz-css-irfmi brz-css-tnwbp\" data-custom-id=\"yerjtopurpbrdjuzvyqrzqzpbagjestdqypf\"><span class=\"brz-span brz-text__editor\">SENDEN<\/span><\/button><\/div>\n<\/form>\n<\/div>\n<\/div>\n<\/div>\n<\/div>\n<div class=\"brz-columns brz-css-rzeqb brz-css-mnoqm\" data-custom-id=\"cthvydgebvmjhpilrgvlepqidrndebacdidh\">\n<div class=\"brz-column__items brz-css-mhotl brz-css-duecy\">\n<div class=\"brz-css-rtiwd brz-css-rkvrh brz-wrapper\">\n<div class=\"brz-rich-text brz-css-octqr\" data-custom-id=\"kvoncyotoavfsykjahuvmcogjptrzpjrxveh\">\n<h2 class=\"brz-text-xs-center brz-tp-heading2 brz-text-lg-left\"><span class=\"brz-cp-color2\"><span>Angebote bei OKI Frisch GmbH<\/span><\/span><\/h2>\n<\/div>\n<\/div>\n<div class=\"brz-css-rtiwd brz-css-sjlzo brz-wrapper\">\n<div class=\"brz-rich-text brz-css-octqr\" data-custom-id=\"onvbvqvrcwoodstluwdlcikpncfmflnrintf\">\n<p class=\"brz-mb-xs-15 brz-tp-subtitle brz-text-lg-left brz-text-xs-center brz-mb-lg-20\"><em class=\"brz-cp-color3\">Erhalten Sie bei uns immer die besten Preise.<\/em><\/p>\n<\/div>\n<\/div>\n<div class=\"brz-css-rtiwd brz-css-uplmj brz-wrapper\">\n<div class=\"brz-rich-text brz-css-octqr\" data-custom-id=\"jtrkjgnukmeezvwgewspkifnjmqgapyjbooe\">\n<p class=\"brz-text-xs-center brz-tp-paragraph brz-mb-xs-15 brz-mb-lg-0\"><span class=\"brz-cp-color7\"><span>Obst und Gem\u00fcsepreise \u00e4ndern sich fast t\u00e4glich. Seien Sie immer auf dem neusten Stand und erhalten Sie die besten Preise. Laden Sie das Wochenangebot runter oder f\u00fcllen Sie das Kontaktformular aus um das w\u00f6chentliche Angebot per Whatsapp zu erhalten.<\/span><\/span><\/p>\n<\/div>\n<\/div>\n<div class=\"brz-wrapper-clone brz-css-ljkxa\">\n<div class=\"brz-d-xs-flex brz-flex-xs-wrap brz-css-rgeyq brz-css-svifs\">\n<div class=\"brz-wrapper-clone__item brz-css-rwwnc\" id=\"loocgapebzrlziokgvwoafmjpdnoqaehtcpa\"><a class=\"brz-a brz-btn brz-css-irfmi brz-css-afrrj\" href=\"{@brizy_SITE_URL_PLACEHOLDER@}\/wp-content\/uploads\/2020\/03\/KW10.pdf\" target=\"_blank\" data-brz-link-type=\"external\" data-custom-id=\"loocgapebzrlziokgvwoafmjpdnoqaehtcpa\"><svg id=\"nc_icon\" version=\"1.1\" xmlns=\"http:\/\/www.w3.org\/2000\/svg\" xmlns:xlink=\"http:\/\/www.w3.org\/1999\/xlink\" x=\"0px\" y=\"0px\" viewbox=\"0 0 24 24\" xml:space=\"preserve\" class=\"brz-icon-svg brz-css-hquyb\" data-type=\"glyph\" data-name=\"tail-right\"><g class=\"nc-icon-wrapper\" fill=\"currentColor\"><path fill=\"currentColor\" d=\"M22.707,11.293L15,3.586L13.586,5l6,6H2c-0.553,0-1,0.448-1,1s0.447,1,1,1h17.586l-6,6L15,20.414 l7.707-7.707C23.098,12.316,23.098,11.684,22.707,11.293z\"\/><\/g><\/svg><span class=\"brz-span brz-text__editor\">PDF DOWNLOADEN<\/span><\/a><\/div>\n<\/div>\n<\/div>\n<\/div>\n<\/div>\n<\/div>\n<\/div>\n<\/div>\n<\/div>\n<\/section>\n<\/div>\n<p><!-- version:1606475066 --><\/p>\n","protected":false},"excerpt":{"rendered":"<p>SENDEN Angebote bei OKI Frisch GmbH Erhalten Sie bei uns immer die besten Preise. Obst und Gem\u00fcsepreise \u00e4ndern sich fast t\u00e4glich. Seien Sie immer auf dem neusten Stand und erhalten Sie die besten Preise. Laden Sie das Wochenangebot runter oder f\u00fcllen Sie das Kontaktformular aus um das w\u00f6chentliche Angebot per Whatsapp zu erhalten. PDF DOWNLOADEN<\/p>\n","protected":false},"author":1,"featured_media":0,"parent":0,"menu_order":0,"comment_status":"closed","ping_status":"closed","template":"visual-builder-template.php","meta":[],"_links":{"self":[{"href":"https:\/\/okifrisch.de\/index.php?rest_route=\/wp\/v2\/pages\/3491"}],"collection":[{"href":"https:\/\/okifrisch.de\/index.php?rest_route=\/wp\/v2\/pages"}],"about":[{"href":"https:\/\/okifrisch.de\/index.php?rest_route=\/wp\/v2\/types\/page"}],"author":[{"embeddable":true,"href":"https:\/\/okifrisch.de\/index.php?rest_route=\/wp\/v2\/users\/1"}],"replies":[{"embeddable":true,"href":"https:\/\/okifrisch.de\/index.php?rest_route=%2Fwp%2Fv2%2Fcomments&post=3491"}],"version-history":[{"count":23,"href":"https:\/\/okifrisch.de\/index.php?rest_route=\/wp\/v2\/pages\/3491\/revisions"}],"predecessor-version":[{"id":4495,"href":"https:\/\/okifrisch.de\/index.php?rest_route=\/wp\/v2\/pages\/3491\/revisions\/4495"}],"wp:attachment":[{"href":"https:\/\/okifrisch.de\/index.php?rest_route=%2Fwp%2Fv2%2Fmedia&parent=3491"}],"curies":[{"name":"wp","href":"https:\/\/api.w.org\/{rel}","templated":true}]}}