{"id":3198,"date":"2018-05-16T14:27:24","date_gmt":"2018-05-16T14:27:24","guid":{"rendered":"http:\/\/okifrisch.de\/?page_id=3198"},"modified":"2020-04-02T15:55:10","modified_gmt":"2020-04-02T15:55:10","slug":"menu","status":"publish","type":"page","link":"https:\/\/okifrisch.de\/?page_id=3198","title":{"rendered":"Menu"},"content":{"rendered":"<div class=\"brz-root__container brz-reset-all\">\n<section data-uid=\"dlgzwcpouirvmpqnccdocnelryyjhyhljjuw\" id=\"dlgzwcpouirvmpqnccdocnelryyjhyhljjuw\" class=\"brz-section brz-css-iwmwy\">\n<div class=\"brz-section__content brz-section--boxed brz-css-zaizn brz-css-gnbos\" data-custom-id=\"jesxrvcpkgohisnzkpsqjxvyqctvaelzxpho\">\n<div class=\"brz-bg\">\n<div class=\"brz-bg-image\"><\/div>\n<div class=\"brz-bg-color\"><\/div>\n<\/div>\n<div class=\"brz-container brz-css-pzcdb brz-css-srkyd\">\n<div class=\"brz-row__container brz-css-yniet\" data-custom-id=\"vrbboujcfoafknliuzplisurnbizpjxfabwv\">\n<div class=\"brz-row brz-css-mbuba brz-css-jcaws\">\n<div class=\"brz-columns brz-css-duygz brz-css-vndig\" data-custom-id=\"ludawqshodjarjjznoehnzvbxzpxwhfxajdt\">\n<div class=\"brz-column__items brz-css-rxesq\">\n<div class=\"brz-css-fviev brz-wrapper\">\n<div class=\"brz-icon-text brz-css-bzkdh brz-css-bfjex\" data-custom-id=\"xxmrcgmcpxjhtvutmxarlstswjsgnuhbkdly\">\n<div class=\"brz-icon__container\" data-custom-id=\"kvoucqwxzvrkpmjilklqsyxpkbmthkzofxfp\"><span class=\"brz-span brz-icon css-140ofs9\"><svg id=\"nc_icon\" version=\"1.1\" xmlns=\"http:\/\/www.w3.org\/2000\/svg\" xmlns:xlink=\"http:\/\/www.w3.org\/1999\/xlink\" x=\"0px\" y=\"0px\" viewbox=\"0 0 24 24\" xml:space=\"preserve\" class=\"brz-icon-svg\" data-type=\"outline\" data-name=\"phone-call\"><g transform=\"translate(0, 0)\" class=\"nc-icon-wrapper\" fill=\"none\"><path fill=\"none\" stroke=\"currentColor\" vector-effect=\"non-scaling-stroke\" stroke-linecap=\"square\" stroke-miterlimit=\"10\" d=\"M17,15l-3,3l-8-8l3-3L4,2 L1,5c0,9.941,8.059,18,18,18l3-3L17,15z\" stroke-linejoin=\"miter\"\/> <path data-color=\"color-2\" fill=\"none\" stroke=\"currentColor\" vector-effect=\"non-scaling-stroke\" stroke-linecap=\"square\" stroke-miterlimit=\"10\" d=\"M14,1 c4.971,0,9,4.029,9,9\" stroke-linejoin=\"miter\"\/> <path data-color=\"color-2\" fill=\"none\" stroke=\"currentColor\" vector-effect=\"non-scaling-stroke\" stroke-linecap=\"square\" stroke-miterlimit=\"10\" d=\"M14,5 c2.761,0,5,2.239,5,5\" stroke-linejoin=\"miter\"\/><\/g><\/svg><\/span><\/div>\n<div class=\"brz-text-btn\">\n<div class=\"brz-rich-text brz-css-uxkjq\" data-custom-id=\"ygmayttqmjwnpapaodarprblrhjfzfmaclhx\">\n<h4 class=\"brz-mb-xs-10 brz-tp-heading4 brz-mb-lg-20\"><span class=\"brz-cp-color2\">BESTELLUNG <\/span><\/h4>\n<p class=\"brz-tp-paragraph\"><span class=\"brz-cp-color7\">Bequeme Bestellung \u00fcber Telefon, Email, Fax, oder Whatsapp.<\/span><\/p>\n<\/div>\n<\/div>\n<\/div>\n<\/div>\n<div class=\"brz-css-fviev brz-wrapper\">\n<div class=\"brz-line brz-css-cjksv brz-css-ulfpy\" data-custom-id=\"abyhigvsyyqztpwyvghmckcvkkvtshxragmo\">\n<hr class=\"brz-hr\"><\/div>\n<\/div>\n<div class=\"brz-css-fviev brz-wrapper\">\n<div class=\"brz-icon-text brz-css-bzkdh brz-css-clioa\" data-custom-id=\"qpudonukczqzokzqtfinkeebcfvwvemudclb\">\n<div class=\"brz-icon__container\" data-custom-id=\"xxogrwijqkrfcfuedijgnuwyrnclcrcyfovg\"><span class=\"brz-span brz-icon css-140ofs9\"><svg id=\"nc_icon\" version=\"1.1\" xmlns=\"http:\/\/www.w3.org\/2000\/svg\" xmlns:xlink=\"http:\/\/www.w3.org\/1999\/xlink\" x=\"0px\" y=\"0px\" viewbox=\"0 0 24 24\" xml:space=\"preserve\" class=\"brz-icon-svg\" data-type=\"outline\" data-name=\"tablet\"><g transform=\"translate(0, 0)\" class=\"nc-icon-wrapper\" fill=\"none\"><polyline data-cap=\"butt\" fill=\"none\" stroke=\"currentColor\" vector-effect=\"non-scaling-stroke\" stroke-miterlimit=\"10\" points=\"21,5 23,5 23,21 1,21 1,5 17,5 \" stroke-linejoin=\"miter\" stroke-linecap=\"butt\"\/> <circle data-color=\"color-2\" fill=\"none\" stroke=\"currentColor\" vector-effect=\"non-scaling-stroke\" stroke-linecap=\"square\" stroke-miterlimit=\"10\" cx=\"5\" cy=\"13\" r=\"1\" stroke-linejoin=\"miter\"\/> <polyline data-cap=\"butt\" data-color=\"color-2\" fill=\"none\" stroke=\"currentColor\" vector-effect=\"non-scaling-stroke\" stroke-miterlimit=\"10\" points=\"18,8 20,8 20,18 9,18 9,8 14,8 \" stroke-linejoin=\"miter\" stroke-linecap=\"butt\"\/> <path fill=\"none\" stroke=\"currentColor\" vector-effect=\"non-scaling-stroke\" stroke-linecap=\"square\" stroke-miterlimit=\"10\" d=\"M12.586,11.414 c0,0,0.448-2.448,1-3l7-7c0.552-0.552,1.448-0.552,2,0l0,0c0.552,0.552,0.552,1.448,0,2l-7,7 C15.034,10.966,12.586,11.414,12.586,11.414z\" stroke-linejoin=\"miter\"\/> <line data-color=\"color-2\" fill=\"none\" stroke=\"currentColor\" vector-effect=\"non-scaling-stroke\" stroke-linecap=\"square\" stroke-miterlimit=\"10\" x1=\"5\" y1=\"8\" x2=\"5\" y2=\"9\" stroke-linejoin=\"miter\"\/> <line data-color=\"color-2\" fill=\"none\" stroke=\"currentColor\" vector-effect=\"non-scaling-stroke\" stroke-linecap=\"square\" stroke-miterlimit=\"10\" x1=\"5\" y1=\"17\" x2=\"5\" y2=\"18\" stroke-linejoin=\"miter\"\/><\/g><\/svg><\/span><\/div>\n<div class=\"brz-text-btn\">\n<div class=\"brz-rich-text brz-css-uxkjq\" data-custom-id=\"alyajmswbsgrgfuamfbfobvoqsdvblawtqhy\">\n<h4 class=\"brz-mb-xs-10 brz-tp-heading4 brz-mb-lg-20\"><span class=\"brz-cp-color2\"><span>BEARBEITUNG <\/span><\/span><\/h4>\n<p class=\"brz-tp-paragraph\"><span class=\"brz-cp-color7\"><span>Unsere Mitarbeiter kontrollieren und verpacken die Ware sorgf\u00e4ltig.<\/span><\/span><\/p>\n<\/div>\n<\/div>\n<\/div>\n<\/div>\n<div class=\"brz-css-fviev brz-wrapper\">\n<div class=\"brz-line brz-css-cjksv brz-css-ukdyh\" data-custom-id=\"qatqlcinjqfsejnbkegihxrhkhwezeilziqh\">\n<hr class=\"brz-hr\"><\/div>\n<\/div>\n<div class=\"brz-css-fviev brz-wrapper\">\n<div class=\"brz-icon-text brz-css-bzkdh brz-css-honlh\" data-custom-id=\"yiysbyhfvvwmahpdpewdyfxccqzemzksyeru\">\n<div class=\"brz-icon__container\" data-custom-id=\"vchakfvefbapdoiwtcqcmhsnxujfqnkqvngl\"><span class=\"brz-span brz-icon css-140ofs9\"><svg id=\"nc_icon\" version=\"1.1\" xmlns=\"http:\/\/www.w3.org\/2000\/svg\" xmlns:xlink=\"http:\/\/www.w3.org\/1999\/xlink\" x=\"0px\" y=\"0px\" viewbox=\"0 0 24 24\" xml:space=\"preserve\" class=\"brz-icon-svg\" data-type=\"outline\" data-name=\"delivery\"><g transform=\"translate(0, 0)\" class=\"nc-icon-wrapper\" fill=\"none\"><polyline data-cap=\"butt\" fill=\"none\" stroke=\"currentColor\" vector-effect=\"non-scaling-stroke\" stroke-miterlimit=\"10\" points=\"9,6 18,6 19,10 23,12 23,18 17.829,18 \" stroke-linejoin=\"miter\" stroke-linecap=\"butt\"\/> <rect x=\"1\" y=\"2\" fill=\"none\" stroke=\"currentColor\" vector-effect=\"non-scaling-stroke\" stroke-linecap=\"square\" stroke-miterlimit=\"10\" width=\"8\" height=\"16\" stroke-linejoin=\"miter\"\/> <circle data-color=\"color-2\" fill=\"none\" stroke=\"currentColor\" vector-effect=\"non-scaling-stroke\" stroke-linecap=\"square\" stroke-miterlimit=\"10\" cx=\"15\" cy=\"19\" r=\"3\" stroke-linejoin=\"miter\"\/> <polyline fill=\"none\" stroke=\"currentColor\" vector-effect=\"non-scaling-stroke\" stroke-linecap=\"square\" stroke-miterlimit=\"10\" points=\"14,9 14,11 16,11 \" stroke-linejoin=\"miter\"\/><\/g><\/svg><\/span><\/div>\n<div class=\"brz-text-btn\">\n<div class=\"brz-rich-text brz-css-uxkjq\" data-custom-id=\"cvsjiodwuepntfscgmpchokkakuluvnuzkda\">\n<h4 class=\"brz-mb-xs-10 brz-mb-lg-20 brz-tp-heading4\"><span class=\"brz-cp-color2\"><span>LIEFERUNG<\/span><\/span><\/h4>\n<p class=\"brz-tp-paragraph\"><span class=\"brz-cp-color7\"><span>Anschlie\u00dfend wird die Ware schnellstm\u00e4glich Ihnen zugestellt.<\/span><\/span><\/p>\n<\/div>\n<\/div>\n<\/div>\n<\/div>\n<\/div>\n<\/div>\n<div class=\"brz-columns brz-css-duygz brz-css-bhizf\" data-custom-id=\"jbkfztlajaxnvzjtgjslcnyxqltkytjfdbta\">\n<div class=\"brz-column__items brz-css-rxesq\">\n<div class=\"brz-css-fviev brz-css-mcmji brz-wrapper\">\n<div class=\"brz-image brz-css-ehdts\"><picture class=\"brz-picture brz-d-block brz-p-relative brz-css-ulgds\" data-custom-id=\"ifmwbrswjpiqtyqxqwuiwegvukynzutucprd\"><source srcset=\"{@brizy_SITE_URL_PLACEHOLDER@}\/?brizy_media=wp-c34e338cd650bd1220799c20db401f1c&#038;brizy_crop=iW%3D467%26iH%3D567%26oX%3D0%26oY%3D0%26cW%3D467%26cH%3D567&#038;brizy_post=3198 1x, {@brizy_SITE_URL_PLACEHOLDER@}\/?brizy_media=wp-c34e338cd650bd1220799c20db401f1c&#038;brizy_crop=iW%3D934%26iH%3D1134%26oX%3D0%26oY%3D0%26cW%3D934%26cH%3D1134&#038;brizy_post=3198 2x\" media=\"(min-width: 992px)\"><source srcset=\"{@brizy_SITE_URL_PLACEHOLDER@}\/?brizy_media=wp-c34e338cd650bd1220799c20db401f1c&#038;brizy_crop=iW%3D253%26iH%3D307%26oX%3D0%26oY%3D0%26cW%3D253%26cH%3D307&#038;brizy_post=3198 1x, {@brizy_SITE_URL_PLACEHOLDER@}\/?brizy_media=wp-c34e338cd650bd1220799c20db401f1c&#038;brizy_crop=iW%3D506%26iH%3D614%26oX%3D0%26oY%3D0%26cW%3D506%26cH%3D614&#038;brizy_post=3198 2x\" media=\"(min-width: 768px)\"><img class=\"brz-img brz-p-absolute\" srcset=\"{@brizy_SITE_URL_PLACEHOLDER@}\/?brizy_media=wp-c34e338cd650bd1220799c20db401f1c&#038;brizy_crop=iW%3D302%26iH%3D367%26oX%3D0%26oY%3D0%26cW%3D302%26cH%3D367&#038;brizy_post=3198 1x, {@brizy_SITE_URL_PLACEHOLDER@}\/?brizy_media=wp-c34e338cd650bd1220799c20db401f1c&#038;brizy_crop=iW%3D604%26iH%3D734%26oX%3D0%26oY%3D0%26cW%3D604%26cH%3D734&#038;brizy_post=3198 2x\" src=\"{@brizy_SITE_URL_PLACEHOLDER@}\/?brizy_media=wp-c34e338cd650bd1220799c20db401f1c&#038;brizy_crop=iW%3D467%26iH%3D567%26oX%3D0%26oY%3D0%26cW%3D467%26cH%3D567&#038;brizy_post=3198\" alt=\"{{ brizy_dc_image_alt uid='wp-c34e338cd650bd1220799c20db401f1c' }}\" draggable=\"false\" loading=\"lazy\"><\/picture><\/div>\n<\/div>\n<\/div>\n<\/div>\n<\/div>\n<\/div>\n<\/div>\n<\/div>\n<\/section>\n<section data-uid=\"B52c4RPsOZ\" id=\"B52c4RPsOZ\" class=\"brz-section brz-css-iwmwy brz-css-goqsm\">\n<div class=\"brz-slick-slider brz-slick-slider__section\" data-slides-to-show=\"1\" data-slides-to-scroll=\"1\" data-arrows=\"true\" data-dots=\"true\" data-dots-class=\"brz-slick-slider__dots brz-slick-slider__dots--circle\" data-fade=\"false\" data-vertical=\"false\" data-auto-play=\"true\" data-auto-play-speed=\"5000\" data-swipe=\"false\" data-responsive=\"%5B%7B%22breakpoint%22%3A767%2C%22settings%22%3A%7B%22slidesToShow%22%3A1%2C%22slidesToScroll%22%3A1%7D%7D%5D\">\n<div class=\"brz-section__content brz-section--boxed brz-css-zaizn brz-css-rqzuf\" data-custom-id=\"ovjcdzdssi\">\n<div class=\"brz-bg\">\n<div class=\"brz-bg-image\"><\/div>\n<div class=\"brz-bg-color\"><\/div>\n<\/div>\n<div class=\"brz-container brz-css-pzcdb brz-css-vgvng\">\n<div class=\"brz-css-fviev brz-css-ynqyg brz-css-uxcuh brz-wrapper\">\n<div class=\"brz-spacer brz-css-xejye brz-css-ypyta\"><\/div>\n<\/div>\n<div class=\"brz-css-fviev brz-css-ynqyg brz-wrapper\">\n<div class=\"brz-spacer brz-css-xejye brz-css-chcbi\"><\/div>\n<\/div>\n<\/div>\n<\/div>\n<p><svg id=\"nc_icon\" viewbox=\"0 0 16 16\" xmlns=\"http:\/\/www.w3.org\/2000\/svg\" class=\"brz-icon-svg brz-hidden\" data-type=\"editor\" data-name=\"right-arrow-thin\"><g class=\"nc-icon-wrapper\" fill=\"currentColor\"><title>thin<\/title><path d=\"M5.025 16L4 15.009 11.25 8 4 .991 5.025 0l7.762 7.504a.684.684 0 0 1 0 .992L5.025 16z\" fill=\"currentColor\" fill-rule=\"nonzero\" stroke=\"none\" stroke-width=\"1\"\/><\/g><\/svg>\n<\/div>\n<\/section>\n<\/div>\n<p><!-- version:1606475069 --><\/p>\n","protected":false},"excerpt":{"rendered":"<p>BESTELLUNG Bequeme Bestellung \u00fcber Telefon, Email, Fax, oder Whatsapp. BEARBEITUNG Unsere Mitarbeiter kontrollieren und verpacken die Ware sorgf\u00e4ltig. LIEFERUNG Anschlie\u00dfend wird die Ware schnellstm\u00e4glich Ihnen zugestellt. thin<\/p>\n","protected":false},"author":1,"featured_media":0,"parent":0,"menu_order":0,"comment_status":"closed","ping_status":"closed","template":"visual-builder-template.php","meta":[],"_links":{"self":[{"href":"https:\/\/okifrisch.de\/index.php?rest_route=\/wp\/v2\/pages\/3198"}],"collection":[{"href":"https:\/\/okifrisch.de\/index.php?rest_route=\/wp\/v2\/pages"}],"about":[{"href":"https:\/\/okifrisch.de\/index.php?rest_route=\/wp\/v2\/types\/page"}],"author":[{"embeddable":true,"href":"https:\/\/okifrisch.de\/index.php?rest_route=\/wp\/v2\/users\/1"}],"replies":[{"embeddable":true,"href":"https:\/\/okifrisch.de\/index.php?rest_route=%2Fwp%2Fv2%2Fcomments&post=3198"}],"version-history":[{"count":20,"href":"https:\/\/okifrisch.de\/index.php?rest_route=\/wp\/v2\/pages\/3198\/revisions"}],"predecessor-version":[{"id":4492,"href":"https:\/\/okifrisch.de\/index.php?rest_route=\/wp\/v2\/pages\/3198\/revisions\/4492"}],"wp:attachment":[{"href":"https:\/\/okifrisch.de\/index.php?rest_route=%2Fwp%2Fv2%2Fmedia&parent=3198"}],"curies":[{"name":"wp","href":"https:\/\/api.w.org\/{rel}","templated":true}]}}