{"id":2972,"date":"2018-05-17T11:38:31","date_gmt":"2018-05-17T11:38:31","guid":{"rendered":"http:\/\/okifrisch.de\/?page_id=2972"},"modified":"2020-04-02T15:55:19","modified_gmt":"2020-04-02T15:55:19","slug":"careers","status":"publish","type":"page","link":"https:\/\/okifrisch.de\/?page_id=2972","title":{"rendered":"CAREERS"},"content":{"rendered":"<div class=\"brz-root__container brz-reset-all\">\n<section data-uid=\"JkFV6Z8afp\" id=\"JkFV6Z8afp\" class=\"brz-section brz-css-oexhn\">\n<div class=\"brz-section__content brz-section--boxed brz-css-wnkyq brz-css-mhaap\" data-custom-id=\"pijgd9Zomx\">\n<div class=\"brz-container brz-css-tnaam\">\n<div class=\"brz-css-ensnv brz-wrapper\">\n<div class=\"brz-rich-text brz-css-vvcon\" data-custom-id=\"DXiCU6kyMb\">\n<p class=\"brz-text-xs-center brz-tp-abovetitle brz-text-lg-center\"><strong class=\"brz-cp-color4\"><span>SORTIMENT <\/span><\/strong><\/p>\n<\/div>\n<\/div>\n<div class=\"brz-css-ensnv brz-css-hdyib brz-wrapper\">\n<div class=\"brz-line brz-css-kgkou brz-css-znjkz\" data-custom-id=\"YtnYiGLASi\">\n<hr class=\"brz-hr\"><\/div>\n<\/div>\n<div class=\"brz-css-ensnv brz-wrapper\">\n<div class=\"brz-rich-text brz-css-vvcon\" data-custom-id=\"3KTI6Wb3HA\">\n<h2 class=\"brz-fw-xs-im-400 brz-fw-sm-im-400 brz-fw-lg-400 brz-ft-google brz-ff-noto_serif brz-lh-xs-im-1_1 brz-lh-sm-im-NaN brz-lh-lg-1_1 brz-fs-xs-im-18 brz-fs-sm-im-27 brz-fs-lg-28 brz-ls-xs-im-m_0_5 brz-ls-sm-im-undefined brz-ls-lg-m_1 brz-text-lg-center brz-text-xs-center\"><em class=\"brz-cp-color1\"><span>Sollte etwas nicht dabei sein, k\u00f6nnen Sie uns gerne kontaktieren!<\/span><\/em><\/h2>\n<\/div>\n<\/div>\n<div class=\"brz-css-ensnv brz-css-ksnck brz-wrapper\">\n<div class=\"brz-spacer brz-css-lvytp brz-css-gfhpp\"><\/div>\n<\/div>\n<div class=\"brz-css-ensnv brz-wrapper\">\n<div class=\"brz-line brz-css-kgkou brz-css-unnhy\" data-custom-id=\"N6CYRDVv8a\">\n<hr class=\"brz-hr\"><\/div>\n<\/div>\n<div class=\"brz-css-ensnv brz-css-ksnck brz-wrapper\">\n<div class=\"brz-spacer brz-css-lvytp brz-css-rreoz\"><\/div>\n<\/div>\n<div class=\"brz-row__container brz-css-jsxam\" data-custom-id=\"UgoWOk9513\">\n<div class=\"brz-row brz-css-swmdb brz-css-vogkb\">\n<div class=\"brz-columns brz-css-imzss brz-css-bofxj\" data-custom-id=\"H~5qKk6kRN\">\n<div class=\"brz-column__items brz-css-umhrv\">\n<div class=\"brz-css-ensnv brz-wrapper\">\n<div class=\"brz-rich-text brz-css-vvcon\" data-custom-id=\"TdpBOOl9_r\">\n<p class=\"brz-text-xs-center brz-tp-heading5 brz-text-lg-center\"><strong class=\"brz-cp-color3\"><em><span>Kr\u00e4uter<\/span><\/em><\/strong><\/p>\n<\/div>\n<\/div>\n<div class=\"brz-css-ensnv brz-wrapper\">\n<div class=\"brz-rich-text brz-css-vvcon\" data-custom-id=\"PmfFOrwvgr\">\n<h5 class=\"brz-text-xs-center brz-text-lg-center brz-tp-paragraph\"><span class=\"brz-cp-color2\"><span>Petersilie,<\/span><\/span><span class=\"brz-cp-color2\"><span> Petersilie krause,<\/span><\/span><span class=\"brz-cp-color2\"><span> Schnittlauch, <\/span><\/span><span class=\"brz-cp-color2\"><span>Dill Bd, <\/span><\/span><span class=\"brz-cp-color2\"><span>Basilikum<\/span><\/span><\/h5>\n<h5 class=\"brz-text-xs-center brz-text-lg-center brz-tp-paragraph\"><span class=\"brz-cp-color2\"><span>Salbe Schale, <\/span><\/span><span class=\"brz-cp-color2\"><span>Rosmarin Schale<\/span><\/span><\/h5>\n<h5 class=\"brz-text-xs-center brz-text-lg-center brz-tp-paragraph\"><span class=\"brz-cp-color2\"><span>Thymian Schale, <\/span><\/span><span class=\"brz-cp-color2\"><span>Minze<\/span><\/span><\/h5>\n<h5 class=\"brz-text-xs-center brz-text-lg-center brz-tp-paragraph\"><span class=\"brz-cp-color2\"><span>Koriander <\/span><\/span><\/h5>\n<\/div>\n<\/div>\n<div class=\"brz-css-ensnv brz-css-ksnck brz-wrapper\">\n<div class=\"brz-spacer brz-css-lvytp brz-css-ywkij\"><\/div>\n<\/div>\n<div class=\"brz-wrapper-clone brz-css-guvny\">\n<div class=\"brz-d-xs-flex brz-flex-xs-wrap brz-css-erkre\">\n<div class=\"brz-wrapper-clone__item brz-css-weszk\" id=\"UdmgLDTLXa\"><a class=\"brz-a brz-btn brz-css-wbwec brz-css-ixpgj\" href=\"{@brizy_SITE_URL_PLACEHOLDER@}\/?page_id=3491\" data-brz-link-type=\"external\" data-custom-id=\"UdmgLDTLXa\"><span class=\"brz-span brz-text__editor\">ZUM ANGEBOT<\/span><\/a><\/div>\n<\/div>\n<\/div>\n<\/div>\n<\/div>\n<div class=\"brz-columns brz-css-imzss brz-css-mgwmj\" data-custom-id=\"zJ43ip~NF6\">\n<div class=\"brz-column__items brz-css-umhrv\">\n<div class=\"brz-css-ensnv brz-wrapper\">\n<div class=\"brz-rich-text brz-css-vvcon\" data-custom-id=\"IwbMyMZYZx\">\n<h5 class=\"brz-text-xs-center brz-tp-heading5 brz-text-lg-center\"><strong class=\"brz-cp-color3\"><em><span>Salate<\/span><\/em><\/strong><\/h5>\n<\/div>\n<\/div>\n<div class=\"brz-css-ensnv brz-wrapper\">\n<div class=\"brz-rich-text brz-css-vvcon\" data-custom-id=\"Jp3C5bGJbx\">\n<p class=\"brz-text-xs-center brz-text-lg-center brz-tp-paragraph\"><span class=\"brz-cp-color2\"><span>Kopfsalat,<\/span> Lolorosso, Lolobionda,<\/span><\/p>\n<p class=\"brz-text-xs-center brz-text-lg-center brz-tp-paragraph\"><span class=\"brz-cp-color2\">Salatmix,  Frisse, Feldsalat, Endivien, Latuga, Eichblatt, Rucola, Baby Spinat<\/span><\/p>\n<p class=\"brz-text-xs-center brz-text-lg-center brz-tp-paragraph\"><span class=\"brz-cp-color2\"> <\/span><\/p>\n<p class=\"brz-text-xs-center brz-text-lg-center brz-tp-paragraph\"><span class=\"brz-cp-color2\"> <\/span><\/p>\n<\/div>\n<\/div>\n<div class=\"brz-css-ensnv brz-css-ksnck brz-wrapper\">\n<div class=\"brz-spacer brz-css-lvytp brz-css-vuwmt\"><\/div>\n<\/div>\n<div class=\"brz-wrapper-clone brz-css-guvny\">\n<div class=\"brz-d-xs-flex brz-flex-xs-wrap brz-css-erkre\">\n<div class=\"brz-wrapper-clone__item brz-css-weszk\" id=\"ipoosoxjjiqdlkqhbzecmrytvbzwdeaefgcg\"><a class=\"brz-a brz-btn brz-css-wbwec brz-css-slgtn\" href=\"{@brizy_SITE_URL_PLACEHOLDER@}\/?page_id=3491\" data-brz-link-type=\"external\" data-custom-id=\"ipoosoxjjiqdlkqhbzecmrytvbzwdeaefgcg\"><span class=\"brz-span brz-text__editor\">ZUM ANGEBOT<\/span><\/a><\/div>\n<\/div>\n<\/div>\n<\/div>\n<\/div>\n<div class=\"brz-columns brz-css-imzss brz-css-rcnfl\" data-custom-id=\"ViRS~rGGsj\">\n<div class=\"brz-column__items brz-css-umhrv\">\n<div class=\"brz-css-ensnv brz-wrapper\">\n<div class=\"brz-rich-text brz-css-vvcon\" data-custom-id=\"1tM1YWgdbr\">\n<h5 class=\"brz-text-xs-center brz-tp-heading5 brz-text-lg-center\"><strong class=\"brz-cp-color3\"><em><span>Pilze<\/span><\/em><\/strong><\/h5>\n<\/div>\n<\/div>\n<div class=\"brz-css-ensnv brz-wrapper\">\n<div class=\"brz-rich-text brz-css-vvcon\" data-custom-id=\"HyV_cwmLsp\">\n<p class=\"brz-text-xs-center brz-text-lg-center brz-tp-paragraph\"><span class=\"brz-cp-color2\"><span>Champigons Fein, <\/span>Champigons Mittel, Braun Champigons, Austernpilze, Pfifferlinge<\/span><\/p>\n<p class=\"brz-text-xs-center brz-text-lg-center brz-tp-paragraph\"><span class=\"brz-cp-color2\"> <\/span><\/p>\n<p class=\"brz-text-xs-center brz-text-lg-center brz-tp-paragraph\"><span class=\"brz-cp-color2\"> <\/span><\/p>\n<\/div>\n<\/div>\n<div class=\"brz-css-ensnv brz-css-ksnck brz-wrapper\">\n<div class=\"brz-spacer brz-css-lvytp brz-css-esios\"><\/div>\n<\/div>\n<div class=\"brz-wrapper-clone brz-css-guvny\">\n<div class=\"brz-d-xs-flex brz-flex-xs-wrap brz-css-erkre\">\n<div class=\"brz-wrapper-clone__item brz-css-weszk\" id=\"jcnvdlymakrhxowuisibgntqqlnarscuudun\"><a class=\"brz-a brz-btn brz-css-wbwec brz-css-hqhrp\" href=\"{@brizy_SITE_URL_PLACEHOLDER@}\/?page_id=3491\" data-brz-link-type=\"external\" data-custom-id=\"jcnvdlymakrhxowuisibgntqqlnarscuudun\"><span class=\"brz-span brz-text__editor\">ZUM ANGEBOT<\/span><\/a><\/div>\n<\/div>\n<\/div>\n<\/div>\n<\/div>\n<div class=\"brz-columns brz-css-imzss brz-css-prqba\" data-custom-id=\"bfyEq1tkAW\">\n<div class=\"brz-column__items brz-css-umhrv\">\n<div class=\"brz-css-ensnv brz-wrapper\">\n<div class=\"brz-rich-text brz-css-vvcon\" data-custom-id=\"M8EeTIHOtO\">\n<h5 class=\"brz-text-xs-center brz-tp-heading5 brz-text-lg-center\"><strong class=\"brz-cp-color3\"><em><span>Paprika<\/span><\/em><\/strong><\/h5>\n<\/div>\n<\/div>\n<div class=\"brz-css-ensnv brz-wrapper\">\n<div class=\"brz-rich-text brz-css-vvcon\" data-custom-id=\"~gRzHomwe9\">\n<p class=\"brz-text-xs-center brz-text-lg-center brz-tp-paragraph\"><span class=\"brz-cp-color2\"><span>Gr\u00fcn Paprika, <\/span>Rote Paprika, Gelbe Paprika, Mix Paprika, Sivri Paprika T\u00fcrkisch, Carli Paprika T\u00fcrkisch, Chili Gr\u00fcn, Chili Rot<\/span><\/p>\n<p class=\"brz-text-xs-center brz-text-lg-center brz-tp-paragraph\"><span class=\"brz-cp-color2\"> <\/span><\/p>\n<\/div>\n<\/div>\n<div class=\"brz-css-ensnv brz-css-ksnck brz-wrapper\">\n<div class=\"brz-spacer brz-css-lvytp brz-css-zmveo\"><\/div>\n<\/div>\n<div class=\"brz-wrapper-clone brz-css-guvny\">\n<div class=\"brz-d-xs-flex brz-flex-xs-wrap brz-css-erkre\">\n<div class=\"brz-wrapper-clone__item brz-css-weszk\" id=\"qxydveaqnmfmyioccbitvhfvxmuufeaxsbxq\"><a class=\"brz-a brz-btn brz-css-wbwec brz-css-rrbno\" href=\"{@brizy_SITE_URL_PLACEHOLDER@}\/?page_id=3491\" data-brz-link-type=\"external\" data-custom-id=\"qxydveaqnmfmyioccbitvhfvxmuufeaxsbxq\"><span class=\"brz-span brz-text__editor\">ZUM ANGEBOT<\/span><\/a><\/div>\n<\/div>\n<\/div>\n<\/div>\n<\/div>\n<\/div>\n<\/div>\n<div class=\"brz-css-ensnv brz-css-ksnck brz-wrapper\">\n<div class=\"brz-spacer brz-css-lvytp brz-css-snemj\"><\/div>\n<\/div>\n<div class=\"brz-row__container brz-css-jsxam\" data-custom-id=\"7hFNyM_Uhe\">\n<div class=\"brz-row brz-css-swmdb brz-css-vogkb\">\n<div class=\"brz-columns brz-css-imzss brz-css-hiedo\" data-custom-id=\"MKoT9xwGgA\">\n<div class=\"brz-column__items brz-css-umhrv\">\n<div class=\"brz-css-ensnv brz-wrapper\">\n<div class=\"brz-rich-text brz-css-vvcon\" data-custom-id=\"EvaYD3phD9\">\n<h5 class=\"brz-text-xs-center brz-tp-heading5 brz-text-lg-center\"><strong class=\"brz-cp-color3\"><em><span>Tomaten<\/span><\/em><\/strong><\/h5>\n<\/div>\n<\/div>\n<div class=\"brz-css-ensnv brz-wrapper\">\n<div class=\"brz-rich-text brz-css-vvcon\" data-custom-id=\"Xzj7IRmsqo\">\n<p class=\"brz-text-lg-center brz-tp-paragraph brz-text-xs-center\"><span class=\"brz-cp-color2\"><span>Strauch Tomaten NL, Cherrytomaten, Fleischtomaten, Strauch Tomaten TR, Lose Tomaten <\/span><\/span><\/p>\n<p class=\"brz-text-lg-center brz-tp-paragraph brz-text-xs-center\"><span class=\"brz-cp-color2\"><span> <\/span><span> <\/span><\/span><\/p>\n<\/div>\n<\/div>\n<div class=\"brz-css-ensnv brz-css-ksnck brz-wrapper\">\n<div class=\"brz-spacer brz-css-lvytp brz-css-imldk\"><\/div>\n<\/div>\n<div class=\"brz-wrapper-clone brz-css-guvny\">\n<div class=\"brz-d-xs-flex brz-flex-xs-wrap brz-css-erkre\">\n<div class=\"brz-wrapper-clone__item brz-css-weszk\" id=\"gwdlfbwqiwjxswrteucnrortpwgbajuqxpjp\"><a class=\"brz-a brz-btn brz-css-wbwec brz-css-vqhoc\" href=\"{@brizy_SITE_URL_PLACEHOLDER@}\/?page_id=3491\" data-brz-link-type=\"external\" data-custom-id=\"gwdlfbwqiwjxswrteucnrortpwgbajuqxpjp\"><span class=\"brz-span brz-text__editor\">ZUM ANGEBOT<\/span><\/a><\/div>\n<\/div>\n<\/div>\n<\/div>\n<\/div>\n<div class=\"brz-columns brz-css-imzss brz-css-ehgnm\" data-custom-id=\"QjZW6U~1Dd\">\n<div class=\"brz-column__items brz-css-umhrv\">\n<div class=\"brz-css-ensnv brz-wrapper\">\n<div class=\"brz-rich-text brz-css-vvcon\" data-custom-id=\"tizkfacivbetruymelbmxltzbanmsmfqeqsa\">\n<h5 class=\"brz-text-xs-center brz-tp-heading5 brz-text-lg-center\"><strong class=\"brz-cp-color3\"><em><span>Kartoffel<\/span><\/em><\/strong><\/h5>\n<\/div>\n<\/div>\n<div class=\"brz-css-ensnv brz-wrapper\">\n<div class=\"brz-rich-text brz-css-vvcon\" data-custom-id=\"QpyLISxyEv\">\n<p class=\"brz-tp-paragraph brz-text-lg-center brz-text-xs-center\"><span class=\"brz-cp-color2\"><span>Kartoffel, Folienkartoffel, Drillinge Kartoffel<\/span><\/span><\/p>\n<p class=\"brz-tp-paragraph brz-text-lg-center brz-text-xs-center\"><span class=\"brz-cp-color2\"><span> <\/span><span>  <\/span><\/span><\/p>\n<p class=\"brz-tp-paragraph brz-text-lg-center brz-text-xs-center\"><span class=\"brz-cp-color2\"><span> <\/span><\/span><\/p>\n<\/div>\n<\/div>\n<div class=\"brz-css-ensnv brz-css-ksnck brz-wrapper\">\n<div class=\"brz-spacer brz-css-lvytp brz-css-ukbfx\"><\/div>\n<\/div>\n<div class=\"brz-wrapper-clone brz-css-guvny\">\n<div class=\"brz-d-xs-flex brz-flex-xs-wrap brz-css-erkre\">\n<div class=\"brz-wrapper-clone__item brz-css-weszk\" id=\"zowzklorjekcjtzuiyoisuqgiizxkwdbpofk\"><a class=\"brz-a brz-btn brz-css-wbwec brz-css-emcen\" href=\"{@brizy_SITE_URL_PLACEHOLDER@}\/?page_id=3491\" data-brz-link-type=\"external\" data-custom-id=\"zowzklorjekcjtzuiyoisuqgiizxkwdbpofk\"><span class=\"brz-span brz-text__editor\">ZUM ANGEBOT<\/span><\/a><\/div>\n<\/div>\n<\/div>\n<\/div>\n<\/div>\n<div class=\"brz-columns brz-css-imzss brz-css-rmprp\" data-custom-id=\"uhvyybwejkkoigkviigrrfdajhpnnfooqeag\">\n<div class=\"brz-column__items brz-css-umhrv\">\n<div class=\"brz-css-ensnv brz-wrapper\">\n<div class=\"brz-rich-text brz-css-vvcon\" data-custom-id=\"pdpwzedkrcyjmijmrgdngjwnnvhanrgurpoh\">\n<h5 class=\"brz-text-lg-center brz-tp-heading5 brz-text-xs-center\"><strong class=\"brz-cp-color3\"><em><span>Zwiebeln<\/span><\/em><\/strong><\/h5>\n<\/div>\n<\/div>\n<div class=\"brz-css-ensnv brz-wrapper\">\n<div class=\"brz-rich-text brz-css-vvcon\" data-custom-id=\"qxapveypfbuialpgvuvtefkxedmwufykdafi\">\n<p class=\"brz-tp-paragraph brz-text-lg-center brz-text-xs-center\"><span class=\"brz-cp-color2\"><span>M.Zwiebel, Rote Zwiebel, Knoblauch, Lauchzwiebel, <\/span><\/span><\/p>\n<p class=\"brz-tp-paragraph brz-text-lg-center brz-text-xs-center\"><span class=\"brz-cp-color2\"><span> <\/span><span> <\/span><\/span><\/p>\n<p class=\"brz-tp-paragraph brz-text-lg-center brz-text-xs-center\"><span class=\"brz-cp-color2\"><span> <\/span><\/span><\/p>\n<\/div>\n<\/div>\n<div class=\"brz-css-ensnv brz-css-ksnck brz-wrapper\">\n<div class=\"brz-spacer brz-css-lvytp brz-css-xgfjf\"><\/div>\n<\/div>\n<div class=\"brz-wrapper-clone brz-css-guvny\">\n<div class=\"brz-d-xs-flex brz-flex-xs-wrap brz-css-erkre\">\n<div class=\"brz-wrapper-clone__item brz-css-weszk\" id=\"vpkpsfbhdllhndtoendmzcvuzyywqqhwuxie\"><a class=\"brz-a brz-btn brz-css-wbwec brz-css-uebgo\" href=\"{@brizy_SITE_URL_PLACEHOLDER@}\/?page_id=3491\" data-brz-link-type=\"external\" data-custom-id=\"vpkpsfbhdllhndtoendmzcvuzyywqqhwuxie\"><span class=\"brz-span brz-text__editor\">ZUM ANGEBOT<\/span><\/a><\/div>\n<\/div>\n<\/div>\n<\/div>\n<\/div>\n<div class=\"brz-columns brz-css-imzss brz-css-whptg\" data-custom-id=\"wkgkaoujpofpilwlgdrhleelagdbetxlqaob\">\n<div class=\"brz-column__items brz-css-umhrv\">\n<div class=\"brz-css-ensnv brz-wrapper\">\n<div class=\"brz-rich-text brz-css-vvcon\" data-custom-id=\"jaofotxokmamkaymfdobrizwmswiwafwccnc\">\n<h5 class=\"brz-text-lg-center brz-tp-heading5 brz-text-xs-center\"><strong class=\"brz-cp-color3\"><em><span>Obst<\/span><\/em><\/strong><\/h5>\n<\/div>\n<\/div>\n<div class=\"brz-css-ensnv brz-wrapper\">\n<div class=\"brz-rich-text brz-css-vvcon\" data-custom-id=\"kueiqfxhdfqayzzieapnevrppezdcyhrjcub\">\n<p class=\"brz-tp-paragraph\"><span>Ananasa, Honigmelone, Trauben hell, Trauben dunkel, Bananen, Mango<\/span><\/p>\n<p class=\"brz-text-xs-center brz-text-lg-center brz-tp-paragraph\"><span>Avocado, Cantalopmelone, Wassermelone, Orangen<\/span><span class=\"brz-cp-color2\"><span> <\/span><\/span><\/p>\n<\/div>\n<\/div>\n<div class=\"brz-css-ensnv brz-css-ksnck brz-wrapper\">\n<div class=\"brz-spacer brz-css-lvytp brz-css-ejbzp\"><\/div>\n<\/div>\n<div class=\"brz-wrapper-clone brz-css-guvny\">\n<div class=\"brz-d-xs-flex brz-flex-xs-wrap brz-css-erkre\">\n<div class=\"brz-wrapper-clone__item brz-css-weszk\" id=\"ikjohoukxwhyhrmclfjxhjnwyzzsdpormxgf\"><a class=\"brz-a brz-btn brz-css-wbwec brz-css-ecaqe\" href=\"{@brizy_SITE_URL_PLACEHOLDER@}\/?page_id=3491\" data-brz-link-type=\"external\" data-custom-id=\"ikjohoukxwhyhrmclfjxhjnwyzzsdpormxgf\"><span class=\"brz-span brz-text__editor\">ZUM ANGEBOT<\/span><\/a><\/div>\n<\/div>\n<\/div>\n<\/div>\n<\/div>\n<\/div>\n<\/div>\n<div class=\"brz-css-ensnv brz-wrapper\">\n<div class=\"brz-rich-text brz-css-vvcon\" data-custom-id=\"lltxuarqnrvgnwdgenfmyxvlugimbrcwoupj\">\n<h5 class=\"brz-text-xs-center brz-tp-heading5 brz-text-lg-center\"><strong class=\"brz-cp-color3\"><em><span> <\/span><\/em><\/strong><\/h5>\n<\/div>\n<\/div>\n<div class=\"brz-css-ensnv brz-wrapper\">\n<div class=\"brz-rich-text brz-css-vvcon\" data-custom-id=\"ausecltwinexaggbigcnuyscgtmjfopgxagl\">\n<h5 class=\"brz-text-xs-center brz-tp-heading5 brz-text-lg-center\"><strong class=\"brz-cp-color3\"><em><span>Diverses<\/span><\/em><\/strong><\/h5>\n<\/div>\n<\/div>\n<div class=\"brz-css-ensnv brz-wrapper\">\n<div class=\"brz-rich-text brz-css-vvcon\" data-custom-id=\"mxtidrksjegnfevwqcafsbxixjcqddyecgjj\">\n<p class=\"brz-text-lg-center brz-text-xs-center brz-tp-paragraph\"><span>Broccoli, Blumenkohl, SpinatSP, Porree,Chinakohl,Flache Bohnen, Kohlorabi, Spitzkoh,Champigons, Knollensellerie, Kaiserschotena, Soja, Ingwer, Zitronen, Pak Choi, Auberginen, Gurken, Krumme Gurken, Radicchio, Chicoree, Wei\u00dfkohl, Rotkohl, Limetten, Spargel Wei\u00df, Spargel Gr\u00fcn, Eier, M\u00f6hren <\/span><\/p>\n<p><span class=\"brz-cp-color2\"><span> <\/span><\/span><\/p>\n<\/div>\n<\/div>\n<div class=\"brz-wrapper-clone brz-css-guvny\">\n<div class=\"brz-d-xs-flex brz-flex-xs-wrap brz-css-erkre\">\n<div class=\"brz-wrapper-clone__item brz-css-weszk\" id=\"ifzwiemxhgwsgovjgxhtgfzxzkzkdkifwhur\"><a class=\"brz-a brz-btn brz-css-wbwec brz-css-pdhdr\" href=\"{@brizy_SITE_URL_PLACEHOLDER@}\/?page_id=3491\" data-brz-link-type=\"external\" data-custom-id=\"ifzwiemxhgwsgovjgxhtgfzxzkzkdkifwhur\"><span class=\"brz-span brz-text__editor\">ZUM ANGEBOT<\/span><\/a><\/div>\n<\/div>\n<\/div>\n<div class=\"brz-css-ensnv brz-css-ksnck brz-wrapper\">\n<div class=\"brz-spacer brz-css-lvytp brz-css-eford\"><\/div>\n<\/div>\n<\/div>\n<\/div>\n<\/section>\n<section data-uid=\"B52c4RPsOZ\" id=\"B52c4RPsOZ\" class=\"brz-section brz-css-oexhn brz-css-hfayz\">\n<div class=\"brz-slick-slider brz-slick-slider__section\" data-slides-to-show=\"1\" data-slides-to-scroll=\"1\" data-arrows=\"true\" data-dots=\"true\" data-dots-class=\"brz-slick-slider__dots brz-slick-slider__dots--circle\" data-fade=\"false\" data-vertical=\"false\" data-auto-play=\"true\" data-auto-play-speed=\"5000\" data-swipe=\"false\" data-responsive=\"%5B%7B%22breakpoint%22%3A767%2C%22settings%22%3A%7B%22slidesToShow%22%3A1%2C%22slidesToScroll%22%3A1%7D%7D%5D\">\n<div class=\"brz-section__content brz-section--boxed brz-css-wnkyq brz-css-wexee\" data-custom-id=\"ovjcdzdssi\">\n<div class=\"brz-bg\">\n<div class=\"brz-bg-image\"><\/div>\n<div class=\"brz-bg-color\"><\/div>\n<\/div>\n<div class=\"brz-container brz-css-tnaam brz-css-wvdjs\">\n<div class=\"brz-css-ensnv brz-css-ksnck brz-css-vwvsn brz-wrapper\">\n<div class=\"brz-spacer brz-css-lvytp brz-css-capaa\"><\/div>\n<\/div>\n<div class=\"brz-css-ensnv brz-css-ksnck brz-wrapper\">\n<div class=\"brz-spacer brz-css-lvytp brz-css-pshsv\"><\/div>\n<\/div>\n<\/div>\n<\/div>\n<p><svg id=\"nc_icon\" viewbox=\"0 0 16 16\" xmlns=\"http:\/\/www.w3.org\/2000\/svg\" class=\"brz-icon-svg brz-hidden\" data-type=\"editor\" data-name=\"right-arrow-thin\"><g class=\"nc-icon-wrapper\" fill=\"currentColor\"><title>thin<\/title><path d=\"M5.025 16L4 15.009 11.25 8 4 .991 5.025 0l7.762 7.504a.684.684 0 0 1 0 .992L5.025 16z\" fill=\"currentColor\" fill-rule=\"nonzero\" stroke=\"none\" stroke-width=\"1\"\/><\/g><\/svg>\n<\/div>\n<\/section>\n<\/div>\n<p><!-- version:1606475072 --><\/p>\n","protected":false},"excerpt":{"rendered":"<p>SORTIMENT Sollte etwas nicht dabei sein, k\u00f6nnen Sie uns gerne kontaktieren! Kr\u00e4uter Petersilie, Petersilie krause, Schnittlauch, Dill Bd, Basilikum Salbe Schale, Rosmarin Schale Thymian Schale, Minze Koriander ZUM ANGEBOT Salate Kopfsalat, Lolorosso, Lolobionda, Salatmix, Frisse, Feldsalat, Endivien, Latuga, Eichblatt, Rucola, Baby Spinat ZUM ANGEBOT Pilze Champigons Fein, Champigons Mittel, Braun Champigons, Austernpilze, Pfifferlinge ZUM ANGEBOT [&hellip;]<\/p>\n","protected":false},"author":1,"featured_media":0,"parent":0,"menu_order":0,"comment_status":"closed","ping_status":"closed","template":"visual-builder-template.php","meta":[],"_links":{"self":[{"href":"https:\/\/okifrisch.de\/index.php?rest_route=\/wp\/v2\/pages\/2972"}],"collection":[{"href":"https:\/\/okifrisch.de\/index.php?rest_route=\/wp\/v2\/pages"}],"about":[{"href":"https:\/\/okifrisch.de\/index.php?rest_route=\/wp\/v2\/types\/page"}],"author":[{"embeddable":true,"href":"https:\/\/okifrisch.de\/index.php?rest_route=\/wp\/v2\/users\/1"}],"replies":[{"embeddable":true,"href":"https:\/\/okifrisch.de\/index.php?rest_route=%2Fwp%2Fv2%2Fcomments&post=2972"}],"version-history":[{"count":15,"href":"https:\/\/okifrisch.de\/index.php?rest_route=\/wp\/v2\/pages\/2972\/revisions"}],"predecessor-version":[{"id":4494,"href":"https:\/\/okifrisch.de\/index.php?rest_route=\/wp\/v2\/pages\/2972\/revisions\/4494"}],"wp:attachment":[{"href":"https:\/\/okifrisch.de\/index.php?rest_route=%2Fwp%2Fv2%2Fmedia&parent=2972"}],"curies":[{"name":"wp","href":"https:\/\/api.w.org\/{rel}","templated":true}]}}