{"id":2951,"date":"2018-05-17T09:31:05","date_gmt":"2018-05-17T09:31:05","guid":{"rendered":"http:\/\/okifrisch.de\/?page_id=2951"},"modified":"2020-04-02T15:55:14","modified_gmt":"2020-04-02T15:55:14","slug":"about","status":"publish","type":"page","link":"https:\/\/okifrisch.de\/?page_id=2951","title":{"rendered":"About"},"content":{"rendered":"<div class=\"brz-root__container brz-reset-all\">\n<section data-uid=\"B52c4RPsOZ\" id=\"B52c4RPsOZ\" class=\"brz-section brz-css-dgexk brz-css-wfbnp\">\n<div class=\"brz-slick-slider brz-slick-slider__section\" data-slides-to-show=\"1\" data-slides-to-scroll=\"1\" data-arrows=\"true\" data-dots=\"true\" data-dots-class=\"brz-slick-slider__dots brz-slick-slider__dots--circle\" data-fade=\"false\" data-vertical=\"false\" data-auto-play=\"true\" data-auto-play-speed=\"5000\" data-swipe=\"false\" data-responsive=\"%5B%7B%22breakpoint%22%3A767%2C%22settings%22%3A%7B%22slidesToShow%22%3A1%2C%22slidesToScroll%22%3A1%7D%7D%5D\">\n<div class=\"brz-section__content brz-section--boxed brz-css-deuvt brz-css-qqbdp\" data-custom-id=\"ovjcdzdssi\">\n<div class=\"brz-bg\">\n<div class=\"brz-bg-image\"><\/div>\n<div class=\"brz-bg-color\"><\/div>\n<\/div>\n<div class=\"brz-container brz-css-jounw brz-css-undix\">\n<div class=\"brz-css-yywlv brz-css-mydpq brz-css-ctwxr brz-wrapper\">\n<div class=\"brz-spacer brz-css-mjlzs brz-css-wkfsv\"><\/div>\n<\/div>\n<div class=\"brz-css-yywlv brz-css-mydpq brz-wrapper\">\n<div class=\"brz-spacer brz-css-mjlzs brz-css-ignwi\"><\/div>\n<\/div>\n<\/div>\n<\/div>\n<p><svg id=\"nc_icon\" viewbox=\"0 0 16 16\" xmlns=\"http:\/\/www.w3.org\/2000\/svg\" class=\"brz-icon-svg brz-hidden\" data-type=\"editor\" data-name=\"right-arrow-thin\"><g class=\"nc-icon-wrapper\" fill=\"currentColor\"><title>thin<\/title><path d=\"M5.025 16L4 15.009 11.25 8 4 .991 5.025 0l7.762 7.504a.684.684 0 0 1 0 .992L5.025 16z\" fill=\"currentColor\" fill-rule=\"nonzero\" stroke=\"none\" stroke-width=\"1\"\/><\/g><\/svg>\n<\/div>\n<\/section>\n<section data-uid=\"xgtttzybizvtuqszqrpcbifbehsnwdmspjcb\" id=\"xgtttzybizvtuqszqrpcbifbehsnwdmspjcb\" class=\"brz-section brz-css-dgexk\">\n<div class=\"brz-section__content brz-section--boxed brz-css-deuvt brz-css-litvl\" data-custom-id=\"mjkmdvjwdvlekuexhfhmerqrzrgiqlsihgvs\">\n<div class=\"brz-bg\">\n<div class=\"brz-bg-color\"><\/div>\n<\/div>\n<div class=\"brz-container brz-css-jounw\">\n<div class=\"brz-row__container brz-css-qhfgc\" data-custom-id=\"bejhjfkmfnfqvaouxohktrkwxyfrsnuzagpi\">\n<div class=\"brz-row brz-css-erklj brz-css-yfuvd\">\n<div class=\"brz-columns brz-css-dyxgm brz-css-mrmqu\" data-custom-id=\"ctnwtxamdactoxjixixdjudeaewktofuijri\">\n<div class=\"brz-column__items brz-css-nafyr\">\n<div class=\"brz-css-yywlv brz-css-czjfy brz-wrapper\">\n<div class=\"brz-image brz-css-owcfi\"><picture class=\"brz-picture brz-d-block brz-p-relative brz-css-ludqk\" data-custom-id=\"imqiwoandyemyzosvmtfbozyxitspnqcwrqc\"><source srcset=\"{@brizy_SITE_URL_PLACEHOLDER@}\/?brizy_media=wp-5cac981bd3d2e6bc71514361c382a392&#038;brizy_crop=iW%3D345%26iH%3D230%26oX%3D0%26oY%3D0%26cW%3D241%26cH%3D230&#038;brizy_post=2951 1x, {@brizy_SITE_URL_PLACEHOLDER@}\/?brizy_media=wp-5cac981bd3d2e6bc71514361c382a392&#038;brizy_crop=iW%3D690%26iH%3D460%26oX%3D0%26oY%3D0%26cW%3D482%26cH%3D460&#038;brizy_post=2951 2x\" media=\"(min-width: 992px)\"><source srcset=\"{@brizy_SITE_URL_PLACEHOLDER@}\/?brizy_media=wp-5cac981bd3d2e6bc71514361c382a392&#038;brizy_crop=iW%3D165%26iH%3D110%26oX%3D0%26oY%3D0%26cW%3D115%26cH%3D110&#038;brizy_post=2951 1x, {@brizy_SITE_URL_PLACEHOLDER@}\/?brizy_media=wp-5cac981bd3d2e6bc71514361c382a392&#038;brizy_crop=iW%3D330%26iH%3D220%26oX%3D0%26oY%3D0%26cW%3D230%26cH%3D220&#038;brizy_post=2951 2x\" media=\"(min-width: 768px)\"><img class=\"brz-img brz-p-absolute\" srcset=\"{@brizy_SITE_URL_PLACEHOLDER@}\/?brizy_media=wp-5cac981bd3d2e6bc71514361c382a392&#038;brizy_crop=iW%3D217%26iH%3D145%26oX%3D0%26oY%3D0%26cW%3D152%26cH%3D145&#038;brizy_post=2951 1x, {@brizy_SITE_URL_PLACEHOLDER@}\/?brizy_media=wp-5cac981bd3d2e6bc71514361c382a392&#038;brizy_crop=iW%3D434%26iH%3D290%26oX%3D0%26oY%3D0%26cW%3D304%26cH%3D290&#038;brizy_post=2951 2x\" src=\"{@brizy_SITE_URL_PLACEHOLDER@}\/?brizy_media=wp-5cac981bd3d2e6bc71514361c382a392&#038;brizy_crop=iW%3D345%26iH%3D230%26oX%3D0%26oY%3D0%26cW%3D241%26cH%3D230&#038;brizy_post=2951\" alt=\"{{ brizy_dc_image_alt uid='wp-5cac981bd3d2e6bc71514361c382a392' }}\" draggable=\"false\" loading=\"lazy\"><\/picture><\/div>\n<\/div>\n<\/div>\n<\/div>\n<div class=\"brz-columns brz-css-dyxgm brz-css-srldf\" data-custom-id=\"vikvwrpmyhgkqaukibrtpxohpylokbnswegh\">\n<div class=\"brz-column__items brz-css-nafyr\">\n<div class=\"brz-css-yywlv brz-css-wztsh brz-wrapper\">\n<div class=\"brz-rich-text brz-css-uwxgf\" data-custom-id=\"jmsicfdozqhqikpkpkvppcflpcmdlgbaqioj\">\n<p class=\"brz-tp-abovetitle\"><span class=\"brz-cp-color3\"><span>\u00dcBER UNS<\/span><\/span><\/p>\n<\/div>\n<\/div>\n<div class=\"brz-css-yywlv brz-css-sjkfz brz-wrapper\">\n<div class=\"brz-rich-text brz-css-uwxgf\" data-custom-id=\"cwsqavdxvnncqpjkmouepnsebbiswzlvzhbn\">\n<h3 class=\"brz-tp-heading3\"><span class=\"brz-cp-color2\"><span>Ihr Partner wenn es um Obst und Gem\u00fcse geht<\/span><\/span><\/h3>\n<\/div>\n<\/div>\n<div class=\"brz-css-yywlv brz-wrapper\">\n<div class=\"brz-rich-text brz-css-uwxgf\" data-custom-id=\"rjwydmqkphbegynsurcvyjpjzwcxbvdwfaps\">\n<p><span class=\"brz-cp-color7\"><span>Sie such einen zuverl\u00e4ssigen Partner f\u00fcr Ihr Restaurant, Ihre Gro\u00dfk\u00fcche o.\u00e4.? Wir bieten Ihnen den<\/span><\/span><\/p>\n<p><span class=\"brz-cp-color7\"><span>h\u00f6chstma\u00df an Qualit\u00e4t, Frische und Flexibilit\u00e4t. Bei uns erhalten Sie fachgerechte Beratung durch unsere <\/span><\/span><\/p>\n<p><span class=\"brz-cp-color7\"><span>geschultes Personal.<\/span><\/span><\/p>\n<p><span class=\"brz-cp-color7\"><span> <\/span><\/span><\/p>\n<p><span class=\"brz-cp-color7\"><span>Wir freuen uns \u00fcber Ihren Anruf <\/span><\/span><\/p>\n<\/div>\n<\/div>\n<div class=\"brz-wrapper-clone brz-css-tiiuz\">\n<div class=\"brz-d-xs-flex brz-flex-xs-wrap brz-css-txoxl brz-css-nlhpo\">\n<div class=\"brz-wrapper-clone__item brz-css-arxpn brz-css-unzty\" id=\"pcnzcdlwmrwjfumwdrcxqxbhuokmasxxlkfv\"><a class=\"brz-a brz-btn brz-css-vnaoj brz-css-kmpzx\" href=\"{@brizy_SITE_URL_PLACEHOLDER@}\/?page_id=2984\" data-brz-link-type=\"external\" data-custom-id=\"pcnzcdlwmrwjfumwdrcxqxbhuokmasxxlkfv\"><svg id=\"nc_icon\" version=\"1.1\" xmlns=\"http:\/\/www.w3.org\/2000\/svg\" xmlns:xlink=\"http:\/\/www.w3.org\/1999\/xlink\" x=\"0px\" y=\"0px\" viewbox=\"0 0 24 24\" xml:space=\"preserve\" class=\"brz-icon-svg brz-css-bvjyb\" data-type=\"glyph\" data-name=\"tail-right\"><g class=\"nc-icon-wrapper\" fill=\"currentColor\"><path fill=\"currentColor\" d=\"M22.707,11.293L15,3.586L13.586,5l6,6H2c-0.553,0-1,0.448-1,1s0.447,1,1,1h17.586l-6,6L15,20.414 l7.707-7.707C23.098,12.316,23.098,11.684,22.707,11.293z\"\/><\/g><\/svg><span class=\"brz-span brz-text__editor\">KONTAKTIEREN SIE UNS<\/span><\/a><\/div>\n<div class=\"brz-wrapper-clone__item brz-css-arxpn brz-css-unzty\" id=\"qjjmtesyfjahnnxmeaclvipexonkourifwes\"><a class=\"brz-a brz-btn brz-css-vnaoj brz-css-mwpzz\" href data-brz-link-type=\"external\" data-custom-id=\"qjjmtesyfjahnnxmeaclvipexonkourifwes\"><svg id=\"nc_icon\" version=\"1.1\" xmlns=\"http:\/\/www.w3.org\/2000\/svg\" xmlns:xlink=\"http:\/\/www.w3.org\/1999\/xlink\" x=\"0px\" y=\"0px\" viewbox=\"0 0 24 24\" xml:space=\"preserve\" class=\"brz-icon-svg brz-css-bvjyb brz-css-wjvxh\" data-type=\"glyph\" data-name=\"phone-call\"><g class=\"nc-icon-wrapper\" fill=\"currentColor\"><path fill=\"currentColor\" d=\"M16.293,14.293L13,17.586L6.414,11l3.293-3.293c0.391-0.391,0.391-1.024,0-1.414l-5-5 c-0.391-0.391-1.024-0.391-1.414,0L0,4.586C0,15.653,8.345,24,19.414,24l3.293-3.293c0.391-0.391,0.391-1.024,0-1.414l-5-5 C17.317,13.903,16.684,13.903,16.293,14.293z\"\/> <path data-color=\"color-2\" fill=\"currentColor\" d=\"M24,10h-2c0-4.411-3.589-8-8-8V0C19.514,0,24,4.486,24,10z\"\/> <path data-color=\"color-2\" fill=\"currentColor\" d=\"M20,10h-2c0-2.206-1.794-4-4-4V4C17.309,4,20,6.691,20,10z\"\/><\/g><\/svg><span class=\"brz-span brz-text__editor\">Telefon: 0203-37856126\u00a0<\/span><\/a><\/div>\n<\/div>\n<\/div>\n<\/div>\n<\/div>\n<\/div>\n<\/div>\n<div class=\"brz-css-yywlv brz-css-yzbuv brz-wrapper\">\n<div class=\"brz-line brz-css-wqjcf brz-css-janmw\" data-custom-id=\"mrxezcbbdlxvarfqmhugwnwtbiawmtoozgzk\">\n<hr class=\"brz-hr\"><\/div>\n<\/div>\n<div class=\"brz-row__container brz-css-qhfgc\" data-custom-id=\"kokquatlhsyrtgqsuydaaqwaeabbbotxacad\">\n<div class=\"brz-row brz-css-erklj brz-css-yfuvd\">\n<div class=\"brz-columns brz-css-dyxgm brz-css-amfbr\" data-custom-id=\"ajufzcpyoqqhrlpfvlromegsnmrhufuytyjs\">\n<div class=\"brz-column__items brz-css-nafyr\">\n<div class=\"brz-wrapper-clone brz-css-tiiuz brz-css-shdfg\">\n<div class=\"brz-d-xs-flex brz-flex-xs-wrap brz-css-txoxl brz-css-hwvgs\">\n<div class=\"brz-wrapper-clone__item brz-css-arxpn\" id=\"pjpcfykqsbmhmhwxwjvjeabvwymomjatgzyb\">\n<div class=\"brz-icon__container\" data-custom-id=\"pjpcfykqsbmhmhwxwjvjeabvwymomjatgzyb\"><span class=\"brz-span brz-icon css-14y1h3q\"><svg id=\"nc_icon\" version=\"1.1\" xmlns=\"http:\/\/www.w3.org\/2000\/svg\" xmlns:xlink=\"http:\/\/www.w3.org\/1999\/xlink\" x=\"0px\" y=\"0px\" viewbox=\"0 0 24 24\" xml:space=\"preserve\" class=\"brz-icon-svg\" data-type=\"outline\" data-name=\"tablet\"><g transform=\"translate(0, 0)\" class=\"nc-icon-wrapper\" fill=\"none\"><polyline data-cap=\"butt\" fill=\"none\" stroke=\"currentColor\" vector-effect=\"non-scaling-stroke\" stroke-miterlimit=\"10\" points=\"21,5 23,5 23,21 1,21 1,5 17,5 \" stroke-linejoin=\"miter\" stroke-linecap=\"butt\"\/> <circle data-color=\"color-2\" fill=\"none\" stroke=\"currentColor\" vector-effect=\"non-scaling-stroke\" stroke-linecap=\"square\" stroke-miterlimit=\"10\" cx=\"5\" cy=\"13\" r=\"1\" stroke-linejoin=\"miter\"\/> <polyline data-cap=\"butt\" data-color=\"color-2\" fill=\"none\" stroke=\"currentColor\" vector-effect=\"non-scaling-stroke\" stroke-miterlimit=\"10\" points=\"18,8 20,8 20,18 9,18 9,8 14,8 \" stroke-linejoin=\"miter\" stroke-linecap=\"butt\"\/> <path fill=\"none\" stroke=\"currentColor\" vector-effect=\"non-scaling-stroke\" stroke-linecap=\"square\" stroke-miterlimit=\"10\" d=\"M12.586,11.414 c0,0,0.448-2.448,1-3l7-7c0.552-0.552,1.448-0.552,2,0l0,0c0.552,0.552,0.552,1.448,0,2l-7,7 C15.034,10.966,12.586,11.414,12.586,11.414z\" stroke-linejoin=\"miter\"\/> <line data-color=\"color-2\" fill=\"none\" stroke=\"currentColor\" vector-effect=\"non-scaling-stroke\" stroke-linecap=\"square\" stroke-miterlimit=\"10\" x1=\"5\" y1=\"8\" x2=\"5\" y2=\"9\" stroke-linejoin=\"miter\"\/> <line data-color=\"color-2\" fill=\"none\" stroke=\"currentColor\" vector-effect=\"non-scaling-stroke\" stroke-linecap=\"square\" stroke-miterlimit=\"10\" x1=\"5\" y1=\"17\" x2=\"5\" y2=\"18\" stroke-linejoin=\"miter\"\/><\/g><\/svg><\/span><\/div>\n<\/div>\n<\/div>\n<\/div>\n<div class=\"brz-css-yywlv brz-css-fxkbj brz-wrapper\">\n<div class=\"brz-rich-text brz-css-uwxgf\" data-custom-id=\"dlvpdtivbnoelqqnpvlgbwmqpyliadbkqvtf\">\n<h5 class=\"brz-text-xs-left brz-text-lg-center brz-tp-heading5\"><span class=\"brz-cp-color2\"><span>Qualit\u00e4tsware<\/span><\/span><\/h5>\n<\/div>\n<\/div>\n<div class=\"brz-css-yywlv brz-css-hijoq brz-wrapper\">\n<div class=\"brz-rich-text brz-css-uwxgf\" data-custom-id=\"eqfzueqvynhoeubmuqfxwojydbxvrpztunyz\">\n<p class=\"brz-tp-paragraph brz-text-lg-center brz-text-xs-left\"><span style=\"background-color: transparent;\" class=\"brz-cp-color7\"><span>Durch ausgew\u00e4hlte Lieferanten erhalten Sie immer die beste Qualit\u00e4t und den g\u00fcnstigsten Preis<\/span><\/span><\/p>\n<\/div>\n<\/div>\n<\/div>\n<\/div>\n<div class=\"brz-columns brz-css-dyxgm brz-css-hyrnp\" data-custom-id=\"eszexzleuhoipwkihrxeuhntmbfidffdpvyn\">\n<div class=\"brz-column__items brz-css-nafyr\">\n<div class=\"brz-wrapper-clone brz-css-tiiuz brz-css-ylufm\">\n<div class=\"brz-d-xs-flex brz-flex-xs-wrap brz-css-txoxl brz-css-unawt\">\n<div class=\"brz-wrapper-clone__item brz-css-arxpn\" id=\"tpycoiikbnhoseadwxtucdevsrldigjvtabi\">\n<div class=\"brz-icon__container\" data-custom-id=\"tpycoiikbnhoseadwxtucdevsrldigjvtabi\"><span class=\"brz-span brz-icon css-14y1h3q\"><svg id=\"nc_icon\" version=\"1.1\" xmlns=\"http:\/\/www.w3.org\/2000\/svg\" xmlns:xlink=\"http:\/\/www.w3.org\/1999\/xlink\" x=\"0px\" y=\"0px\" viewbox=\"0 0 24 24\" xml:space=\"preserve\" class=\"brz-icon-svg\" data-type=\"outline\" data-name=\"p-heart\"><g transform=\"translate(0, 0)\" class=\"nc-icon-wrapper\" fill=\"none\"><path fill=\"none\" stroke=\"currentColor\" vector-effect=\"non-scaling-stroke\" stroke-linecap=\"square\" stroke-miterlimit=\"10\" d=\"M12,23H5 c-1.105,0-2-0.895-2-2V3c0-1.105,0.895-2,2-2h12c1.105,0,2,0.895,2,2v8\" stroke-linejoin=\"miter\"\/> <circle data-stroke=\"none\" fill=\"none\" cx=\"11\" cy=\"18\" r=\"1\" stroke-linejoin=\"miter\" stroke-linecap=\"square\"\/> <path data-color=\"color-2\" fill=\"none\" stroke=\"currentColor\" vector-effect=\"non-scaling-stroke\" stroke-linecap=\"square\" stroke-miterlimit=\"10\" d=\" M22.361,15.631c-0.973-0.961-2.597-0.804-3.361,0.333c-0.765-1.138-2.389-1.293-3.361-0.333c-0.852,0.842-0.852,2.207,0,3.048L19,22 l3.361-3.321C23.213,17.838,23.213,16.473,22.361,15.631z\" stroke-linejoin=\"miter\"\/><\/g><\/svg><\/span><\/div>\n<\/div>\n<\/div>\n<\/div>\n<div class=\"brz-css-yywlv brz-css-qjscy brz-wrapper\">\n<div class=\"brz-rich-text brz-css-uwxgf\" data-custom-id=\"kmacqnhjjflijmbohrgqmttpnmmbnwtyfaxx\">\n<h5 class=\"brz-text-xs-left brz-text-lg-center brz-tp-heading5\"><span class=\"brz-cp-color2\">Einfache Bestellung  <\/span><\/h5>\n<\/div>\n<\/div>\n<div class=\"brz-css-yywlv brz-css-bnzlw brz-wrapper\">\n<div class=\"brz-rich-text brz-css-uwxgf\" data-custom-id=\"oyejrdoyfpfytnnrfdlidzonwlftlxuriool\">\n<p class=\"brz-text-xs-left brz-text-lg-center brz-tp-paragraph\"><span class=\"brz-cp-color7\"><span>Bei uns k\u00f6nnen Sie bequem \u00fcber Telefon, Email oder Whatsapp bestellen<\/span><\/span><\/p>\n<\/div>\n<\/div>\n<\/div>\n<\/div>\n<div class=\"brz-columns brz-css-dyxgm brz-css-beguk\" data-custom-id=\"xvjvthjkgkghbdexdjfjifehaiukdfhgczrh\">\n<div class=\"brz-column__items brz-css-nafyr\">\n<div class=\"brz-wrapper-clone brz-css-tiiuz brz-css-rnecr\">\n<div class=\"brz-d-xs-flex brz-flex-xs-wrap brz-css-txoxl brz-css-vpvoe\">\n<div class=\"brz-wrapper-clone__item brz-css-arxpn\" id=\"adrgymgigfvhqwgapfncpsbqlliuhwzjhcxe\">\n<div class=\"brz-icon__container\" data-custom-id=\"adrgymgigfvhqwgapfncpsbqlliuhwzjhcxe\"><span class=\"brz-span brz-icon css-14y1h3q\"><svg id=\"nc_icon\" version=\"1.1\" xmlns=\"http:\/\/www.w3.org\/2000\/svg\" xmlns:xlink=\"http:\/\/www.w3.org\/1999\/xlink\" x=\"0px\" y=\"0px\" viewbox=\"0 0 24 24\" xml:space=\"preserve\" class=\"brz-icon-svg\" data-type=\"outline\" data-name=\"watch-dev\"><g transform=\"translate(0, 0)\" class=\"nc-icon-wrapper\" fill=\"none\"><polyline data-cap=\"butt\" fill=\"none\" stroke=\"currentColor\" vector-effect=\"non-scaling-stroke\" stroke-miterlimit=\"10\" points=\"6,5 7,1 15,1 16,5 \" stroke-linejoin=\"miter\" stroke-linecap=\"butt\"\/> <polyline data-cap=\"butt\" fill=\"none\" stroke=\"currentColor\" vector-effect=\"non-scaling-stroke\" stroke-miterlimit=\"10\" points=\"16,19 15,23 7,23 6,19 \" stroke-linejoin=\"miter\" stroke-linecap=\"butt\"\/> <path fill=\"none\" stroke=\"currentColor\" vector-effect=\"non-scaling-stroke\" stroke-linecap=\"square\" stroke-miterlimit=\"10\" d=\"M17,19H5 c-0.552,0-1-0.448-1-1V6c0-0.552,0.448-1,1-1h12c0.552,0,1,0.448,1,1v12C18,18.552,17.552,19,17,19z\" stroke-linejoin=\"miter\"\/> <rect x=\"18\" y=\"10\" fill=\"none\" stroke=\"currentColor\" vector-effect=\"non-scaling-stroke\" stroke-linecap=\"square\" stroke-miterlimit=\"10\" width=\"2\" height=\"4\" stroke-linejoin=\"miter\"\/> <polyline data-color=\"color-2\" fill=\"none\" stroke=\"currentColor\" vector-effect=\"non-scaling-stroke\" stroke-linecap=\"square\" stroke-miterlimit=\"10\" points=\" 9,10 7,12 9,14 \" stroke-linejoin=\"miter\"\/> <polyline data-color=\"color-2\" fill=\"none\" stroke=\"currentColor\" vector-effect=\"non-scaling-stroke\" stroke-linecap=\"square\" stroke-miterlimit=\"10\" points=\" 13,10 15,12 13,14 \" stroke-linejoin=\"miter\"\/><\/g><\/svg><\/span><\/div>\n<\/div>\n<\/div>\n<\/div>\n<div class=\"brz-css-yywlv brz-css-iyfhe brz-wrapper\">\n<div class=\"brz-rich-text brz-css-uwxgf\" data-custom-id=\"jorvabzfaolzketwkmcvjwabuzeplzwzvjls\">\n<h5 class=\"brz-text-xs-left brz-text-lg-center brz-tp-heading5\"><span class=\"brz-cp-color2\">P\u00fcnktlichkeit <\/span><\/h5>\n<\/div>\n<\/div>\n<div class=\"brz-css-yywlv brz-css-yukbj brz-wrapper\">\n<div class=\"brz-rich-text brz-css-uwxgf\" data-custom-id=\"nlunnzvzpweffeaavrjuxlkmjvfvriaqlcut\">\n<p class=\"brz-tp-paragraph brz-text-lg-center brz-text-xs-left\"><span class=\"brz-cp-color7\"><span>Nach Ihrer Bestellung erhalten Sie, in der Regel, Ihre Ware schon am n\u00e4chsten Werktag.<\/span><\/span><\/p>\n<\/div>\n<\/div>\n<\/div>\n<\/div>\n<\/div>\n<\/div>\n<\/div>\n<\/div>\n<\/section>\n<\/div>\n<p><!-- version:1606475062 --><\/p>\n","protected":false},"excerpt":{"rendered":"<p>thin \u00dcBER UNS Ihr Partner wenn es um Obst und Gem\u00fcse geht Sie such einen zuverl\u00e4ssigen Partner f\u00fcr Ihr Restaurant, Ihre Gro\u00dfk\u00fcche o.\u00e4.? Wir bieten Ihnen den h\u00f6chstma\u00df an Qualit\u00e4t, Frische und Flexibilit\u00e4t. Bei uns erhalten Sie fachgerechte Beratung durch unsere geschultes Personal. Wir freuen uns \u00fcber Ihren Anruf KONTAKTIEREN SIE UNS Telefon: 0203-37856126\u00a0 Qualit\u00e4tsware [&hellip;]<\/p>\n","protected":false},"author":1,"featured_media":0,"parent":0,"menu_order":0,"comment_status":"closed","ping_status":"closed","template":"visual-builder-template.php","meta":[],"_links":{"self":[{"href":"https:\/\/okifrisch.de\/index.php?rest_route=\/wp\/v2\/pages\/2951"}],"collection":[{"href":"https:\/\/okifrisch.de\/index.php?rest_route=\/wp\/v2\/pages"}],"about":[{"href":"https:\/\/okifrisch.de\/index.php?rest_route=\/wp\/v2\/types\/page"}],"author":[{"embeddable":true,"href":"https:\/\/okifrisch.de\/index.php?rest_route=\/wp\/v2\/users\/1"}],"replies":[{"embeddable":true,"href":"https:\/\/okifrisch.de\/index.php?rest_route=%2Fwp%2Fv2%2Fcomments&post=2951"}],"version-history":[{"count":18,"href":"https:\/\/okifrisch.de\/index.php?rest_route=\/wp\/v2\/pages\/2951\/revisions"}],"predecessor-version":[{"id":4493,"href":"https:\/\/okifrisch.de\/index.php?rest_route=\/wp\/v2\/pages\/2951\/revisions\/4493"}],"wp:attachment":[{"href":"https:\/\/okifrisch.de\/index.php?rest_route=%2Fwp%2Fv2%2Fmedia&parent=2951"}],"curies":[{"name":"wp","href":"https:\/\/api.w.org\/{rel}","templated":true}]}}